{"id":2537,"date":"2024-11-01T11:14:56","date_gmt":"2024-11-01T11:14:56","guid":{"rendered":"https:\/\/aikido-kampfkunst.de\/?page_id=2537"},"modified":"2024-11-03T17:21:30","modified_gmt":"2024-11-03T17:21:30","slug":"anmeldung-bce-3","status":"publish","type":"page","link":"https:\/\/aikido-kampfkunst.de\/?page_id=2537","title":{"rendered":"K\u00fcndigung BCE"},"content":{"rendered":"<div id=\"pl-1380\" class=\"panel-layout\">\n<div id=\"pg-1380-0\" class=\"panel-grid panel-no-style\" data-style=\"{&quot;background_image_attachment&quot;:false,&quot;background_display&quot;:&quot;tile&quot;,&quot;cell_alignment&quot;:&quot;flex-start&quot;}\" data-ratio=\"1\" data-ratio-direction=\"right\">\n<div id=\"pgc-1380-0-0\" class=\"panel-grid-cell\" data-weight=\"1\">\n<div id=\"panel-1380-0-0-0\" class=\"so-panel widget widget_sow-editor panel-first-child panel-last-child\" data-index=\"0\" data-style=\"{&quot;background_image_attachment&quot;:false,&quot;background_display&quot;:&quot;tile&quot;}\">\n<div class=\"so-widget-sow-editor so-widget-sow-editor-base\">\n<div class=\"siteorigin-widget-tinymce textwidget\">\n\n<div class=\"wpcf7 no-js\" id=\"wpcf7-f2534-o1\" lang=\"de-DE\" dir=\"ltr\" data-wpcf7-id=\"2534\">\n<div class=\"screen-reader-response\"><p role=\"status\" aria-live=\"polite\" aria-atomic=\"true\"><\/p> <ul><\/ul><\/div>\n<form action=\"\/index.php?rest_route=%2Fwp%2Fv2%2Fpages%2F2537#wpcf7-f2534-o1\" method=\"post\" class=\"wpcf7-form init wpcf7-acceptance-as-validation\" aria-label=\"Kontaktformular\" novalidate=\"novalidate\" data-status=\"init\">\n<fieldset class=\"hidden-fields-container\"><input type=\"hidden\" name=\"_wpcf7\" value=\"2534\" \/><input type=\"hidden\" name=\"_wpcf7_version\" value=\"6.1.5\" \/><input type=\"hidden\" name=\"_wpcf7_locale\" value=\"de_DE\" \/><input type=\"hidden\" name=\"_wpcf7_unit_tag\" value=\"wpcf7-f2534-o1\" \/><input type=\"hidden\" name=\"_wpcf7_container_post\" value=\"0\" \/><input type=\"hidden\" name=\"_wpcf7_posted_data_hash\" value=\"\" \/><input type=\"hidden\" name=\"_wpcf7cf_hidden_group_fields\" value=\"[]\" \/><input type=\"hidden\" name=\"_wpcf7cf_hidden_groups\" value=\"[]\" \/><input type=\"hidden\" name=\"_wpcf7cf_visible_groups\" value=\"[]\" \/><input type=\"hidden\" name=\"_wpcf7cf_repeaters\" value=\"[]\" \/><input type=\"hidden\" name=\"_wpcf7cf_steps\" value=\"{}\" \/><input type=\"hidden\" name=\"_wpcf7cf_options\" value=\"{&quot;form_id&quot;:2534,&quot;conditions&quot;:[],&quot;settings&quot;:{&quot;animation&quot;:&quot;yes&quot;,&quot;animation_intime&quot;:200,&quot;animation_outtime&quot;:200,&quot;conditions_ui&quot;:&quot;normal&quot;,&quot;notice_dismissed&quot;:false,&quot;notice_dismissed_update-cf7-6.1&quot;:true}}\" \/><input type=\"hidden\" name=\"_wpcf7dtx_version\" value=\"5.0.5\" \/><input type=\"hidden\" name=\"redirect_nonce\" value=\"3a268c5b6d\" \/><input type=\"hidden\" name=\"wpcf7cfpdf_hidden_name\" value=\"document-pdf\" \/><input type=\"hidden\" name=\"wpcf7cfpdf_hidden_reference\" value=\"56fdab45\" \/><input type=\"hidden\" name=\"wpcf7cfpdf_hidden_date\" value=\"Mai9,2026\" \/><input type=\"hidden\" name=\"_wpcf7_recaptcha_response\" value=\"\" \/>\n<\/fieldset>\n<div class=\"wps-form\">\n\t<div class=\"wps-form-row\">\n\t\t<div class=\"wps-form-column\">\n\t\t\t<p><span style=\"font-size: 24px;\">K\u00fcndigung Budo-Club Eckental e.V.<\/span>\n\t\t\t<\/p>\n\t\t\t<p><span class=\"wpcf7-form-control-wrap\" data-name=\"SPORTART\"><span class=\"wpcf7-form-control wpcf7-radio\"><span class=\"wpcf7-list-item first\"><label><input type=\"radio\" name=\"SPORTART\" value=\"Aikido\" \/><span class=\"wpcf7-list-item-label\">Aikido<\/span><\/label><\/span><span class=\"wpcf7-list-item\"><label><input type=\"radio\" name=\"SPORTART\" value=\"Goshin-Jitsu\" \/><span class=\"wpcf7-list-item-label\">Goshin-Jitsu<\/span><\/label><\/span><span class=\"wpcf7-list-item\"><label><input type=\"radio\" name=\"SPORTART\" value=\"Jiu-Jitsu\" \/><span class=\"wpcf7-list-item-label\">Jiu-Jitsu<\/span><\/label><\/span><span class=\"wpcf7-list-item\"><label><input type=\"radio\" name=\"SPORTART\" value=\"Judo\" \/><span class=\"wpcf7-list-item-label\">Judo<\/span><\/label><\/span><span class=\"wpcf7-list-item\"><label><input type=\"radio\" name=\"SPORTART\" value=\"Ju-Shin-Do\" \/><span class=\"wpcf7-list-item-label\">Ju-Shin-Do<\/span><\/label><\/span><span class=\"wpcf7-list-item\"><label><input type=\"radio\" name=\"SPORTART\" value=\"Karate\" \/><span class=\"wpcf7-list-item-label\">Karate<\/span><\/label><\/span><span class=\"wpcf7-list-item\"><label><input type=\"radio\" name=\"SPORTART\" value=\"Taekwondo\" \/><span class=\"wpcf7-list-item-label\">Taekwondo<\/span><\/label><\/span><span class=\"wpcf7-list-item\"><label><input type=\"radio\" name=\"SPORTART\" value=\"Tai-Chi\" \/><span class=\"wpcf7-list-item-label\">Tai-Chi<\/span><\/label><\/span><span class=\"wpcf7-list-item\"><label><input type=\"radio\" name=\"SPORTART\" value=\"Budo-Pandas\" \/><span class=\"wpcf7-list-item-label\">Budo-Pandas<\/span><\/label><\/span><span class=\"wpcf7-list-item last\"><label><input type=\"radio\" name=\"SPORTART\" value=\"Yoga\" \/><span class=\"wpcf7-list-item-label\">Yoga<\/span><\/label><\/span><\/span><\/span>\n\t\t\t<\/p>\n\t\t<\/div>\n\t<\/div>\n\t<div class=\"wps-form-row\">\n\t\t<div class=\"wps-form-column\">\n\t\t\t<p><span class=\"wpcf7-form-control-wrap\" data-name=\"Name\"><input size=\"40\" maxlength=\"30\" class=\"wpcf7-form-control wpcf7-text wpcf7-validates-as-required\" aria-required=\"true\" aria-invalid=\"false\" placeholder=\"Vorname Nachname\" value=\"\" type=\"text\" name=\"Name\" \/><\/span>\n\t\t\t<\/p>\n\t\t<\/div>\n\t<\/div>\n\t<div class=\"wps-form-row\">\n\t\t<div class=\"wps-form-column\">\n\t\t\t<p><span class=\"wpcf7-form-control-wrap\" data-name=\"e_mail_sportler\"><input size=\"40\" maxlength=\"400\" class=\"wpcf7-form-control wpcf7-email wpcf7-validates-as-required wpcf7-text wpcf7-validates-as-email\" aria-required=\"true\" aria-invalid=\"false\" placeholder=\"E-Mail Adresse\" value=\"\" type=\"email\" name=\"e_mail_sportler\" \/><\/span>\n\t\t\t<\/p>\n\t\t<\/div>\n\t<\/div>\n\t<p><span style=\"font-size: 14px;\"><b>Geb. Datum:<\/b><br \/>\n<\/span>\n\t<\/p>\n\t<div class=\"wps-form-row\">\n\t\t<div class=\"wps-form-column\">\n\t\t\t<p><span class=\"wpcf7-form-control-wrap\" data-name=\"birthday\"><input size=\"40\" maxlength=\"400\" class=\"wpcf7-form-control wpcf7-text wpcf7-validates-as-required date-field\" aria-required=\"true\" aria-invalid=\"false\" placeholder=\"TT.MM.JJJJ\" value=\"\" type=\"text\" name=\"birthday\" \/><\/span>\n\t\t\t<\/p>\n\t\t<\/div>\n\t<\/div>\n\t<div class=\"wps-form-row\">\n\t\t<div class=\"wps-form-column\">\n\t\t\t<p><span class=\"wpcf7-form-control-wrap\" data-name=\"your-message\"><input size=\"40\" maxlength=\"300\" class=\"wpcf7-form-control wpcf7-text\" aria-invalid=\"false\" placeholder=\"Deine Info an uns\" value=\"\" type=\"text\" name=\"your-message\" \/><\/span>\n\t\t\t<\/p>\n\t\t<\/div>\n\t<\/div>\n<div class=\"wpcf7-response-output\" aria-hidden=\"true\"><\/div>\n<input class=\"wpcf7-form-control wpcf7-hidden required\" id=\"KydatePicker\" value=\"\" type=\"hidden\" name=\"current-date\" \/>\n<input class=\"wpcf7-form-control wpcf7-hidden required\" id=\"KytimePicker\" value=\"\" type=\"hidden\" name=\"mandatsreferenz\" \/>\n\t<div class=\"wps-form-hid\">\n\t\t<p><span class=\"wpcf7-form-control-wrap\" data-name=\"email_abteilung\"><input size=\"40\" maxlength=\"400\" class=\"wpcf7-form-control wpcf7-email wpcf7-validates-as-required wpcf7-text wpcf7-validates-as-email\" aria-required=\"true\" aria-invalid=\"false\" value=\"kassier@bc-eckental.de\" type=\"email\" name=\"email_abteilung\" \/><\/span>\n\t\t<\/p>\n\t<\/div>\n\t<div class=\"wps-form-hid\">\n\t\t<p><span class=\"wpcf7-form-control-wrap\" data-name=\"email_sachbearbeiter\"><input size=\"40\" maxlength=\"400\" class=\"wpcf7-form-control wpcf7-email wpcf7-validates-as-required wpcf7-text wpcf7-validates-as-email\" aria-required=\"true\" aria-invalid=\"false\" value=\"kassier@bc-eckental.de\" type=\"email\" name=\"email_sachbearbeiter\" \/><\/span>\n\t\t<\/p>\n\t<\/div>\n\t<div class=\"wps-form-hid\">\n\t\t<p><span class=\"wpcf7-form-control-wrap\" data-name=\"email_vorstand\"><input size=\"40\" maxlength=\"400\" class=\"wpcf7-form-control wpcf7-email wpcf7-validates-as-required wpcf7-text wpcf7-validates-as-email\" aria-required=\"true\" aria-invalid=\"false\" value=\"vorstand@bc-eckental.de\" type=\"email\" name=\"email_vorstand\" \/><\/span>\n\t\t<\/p>\n\t<\/div>\n\t<div class=\"wps-form-hid\">\n\t\t<p><span class=\"wpcf7-form-control-wrap\" data-name=\"email_schriftfuehrer\"><input size=\"40\" maxlength=\"400\" class=\"wpcf7-form-control wpcf7-email wpcf7-validates-as-required wpcf7-text wpcf7-validates-as-email\" aria-required=\"true\" aria-invalid=\"false\" value=\"schriftfuehrer@bc-eckental.de\" type=\"email\" name=\"email_schriftfuehrer\" \/><\/span>\n\t\t<\/p>\n\t<\/div>\n\t<div class=\"wps-form-hid\">\n\t\t<p><span class=\"wpcf7-form-control-wrap\" data-name=\"email_judendwart\"><input size=\"40\" maxlength=\"400\" class=\"wpcf7-form-control wpcf7-email wpcf7-validates-as-required wpcf7-text wpcf7-validates-as-email\" aria-required=\"true\" aria-invalid=\"false\" value=\"jugendwart@bc-eckental.de\" type=\"email\" name=\"email_judendwart\" \/><\/span>\n\t\t<\/p>\n\t<\/div>\n\t<p><span class=\"wpcf7-form-control-wrap\" data-name=\"acceptance-DSGV\"><span class=\"wpcf7-form-control wpcf7-acceptance\"><span class=\"wpcf7-list-item\"><label><input type=\"checkbox\" name=\"acceptance-DSGV\" value=\"1\" aria-invalid=\"false\" \/><span class=\"wpcf7-list-item-label\">Hiermit k\u00fcndige ich meine Mitgliedschaft im Budo-Club Eckental. Die K\u00fcndigung wird satzungsgem\u00e4\u00df zum Ende des Jahres g\u00fcltig.\n<br>\n<br>\nIn K\u00fcrze erh\u00e4ltst du eine Best\u00e4tigung der K\u00fcndigung an deine angegebene Mail-Adresse. Bis zum Jahresende bist du weiterhin berechtigt, an allen angebotenen Sportarten des Vereins teilzunehmen.<\/span><\/label><\/span><\/span><\/span>\n\t<\/p>\n\t<p><input class=\"wpcf7-form-control wpcf7-submit has-spinner\" type=\"submit\" value=\"Senden\" \/>\n\t<\/p>\n<\/div>\n<\/form>\n<\/div>\n\n<\/div>\n<\/div>\n<\/div>\n<\/div>\n<\/div>\n<\/div>\n","protected":false},"excerpt":{"rendered":"","protected":false},"author":1,"featured_media":0,"parent":0,"menu_order":0,"comment_status":"closed","ping_status":"closed","template":"template\/template-page-full-width.php","meta":{"footnotes":""},"class_list":["post-2537","page","type-page","status-publish","hentry"],"_links":{"self":[{"href":"https:\/\/aikido-kampfkunst.de\/index.php?rest_route=\/wp\/v2\/pages\/2537","targetHints":{"allow":["GET"]}}],"collection":[{"href":"https:\/\/aikido-kampfkunst.de\/index.php?rest_route=\/wp\/v2\/pages"}],"about":[{"href":"https:\/\/aikido-kampfkunst.de\/index.php?rest_route=\/wp\/v2\/types\/page"}],"author":[{"embeddable":true,"href":"https:\/\/aikido-kampfkunst.de\/index.php?rest_route=\/wp\/v2\/users\/1"}],"replies":[{"embeddable":true,"href":"https:\/\/aikido-kampfkunst.de\/index.php?rest_route=%2Fwp%2Fv2%2Fcomments&post=2537"}],"version-history":[{"count":3,"href":"https:\/\/aikido-kampfkunst.de\/index.php?rest_route=\/wp\/v2\/pages\/2537\/revisions"}],"predecessor-version":[{"id":2545,"href":"https:\/\/aikido-kampfkunst.de\/index.php?rest_route=\/wp\/v2\/pages\/2537\/revisions\/2545"}],"wp:attachment":[{"href":"https:\/\/aikido-kampfkunst.de\/index.php?rest_route=%2Fwp%2Fv2%2Fmedia&parent=2537"}],"curies":[{"name":"wp","href":"https:\/\/api.w.org\/{rel}","templated":true}]}}